{"id":2005,"date":"2023-05-09T02:42:56","date_gmt":"2023-05-09T02:42:56","guid":{"rendered":"https:\/\/tbktransport.pl\/blog\/"},"modified":"2026-02-09T09:47:49","modified_gmt":"2026-02-09T09:47:49","slug":"blog","status":"publish","type":"page","link":"https:\/\/tbktransport.pl\/es\/blog\/","title":{"rendered":"Blog"},"content":{"rendered":"\n<h2 class=\"wp-block-heading\"><strong>El mercado laboral del transporte: empleos de conductor internacional, \u00bfoportunidad o reto?<\/strong><\/h2>\n\n<p>El sector del transporte en Polonia se enfrenta a un enorme reto de personal en 2026. Seg\u00fan los \u00faltimos an\u00e1lisis, aunque los ingresos medios de los conductores profesionales alcanzan los 9.000 zlotys netos al mes, y muchos conductores pueden contar con tarifas a\u00fan m\u00e1s altas, incluso de hasta 10.000 zlotys netos y m\u00e1s, sigue habiendo una enorme escasez de profesionales al volante.  <\/p>\n\n<p>Se calcula que <a href=\"https:\/\/www.money.pl\/gospodarka\/dostaja-9-tys-zl-miesiecznie-w-branzy-brakuje-nawet-200-tys-pracownikow-7248567007103296a.html\" data-type=\"link\" data-id=\"https:\/\/www.money.pl\/gospodarka\/dostaja-9-tys-zl-miesiecznie-w-branzy-brakuje-nawet-200-tys-pracownikow-7248567007103296a.html\" target=\"_blank\" rel=\"noopener\">faltan entre 100.000 y 200.000 trabajadores<\/a> en el sector TSL (transporte &#8211; expedici\u00f3n &#8211; log\u00edstica), principalmente camioneros. Este d\u00e9ficit de personal es uno de los mayores de la econom\u00eda polaca.<\/p>\n\n<h3 class=\"wp-block-heading\"><strong>TBK TRANSPORT<\/strong> &#8211; respondiendo a las realidades del mercado<\/h3>\n\n<p>Como empresa de transporte din\u00e1mica, comprendemos muy bien las necesidades actuales del sector:<\/p>\n\n<p><strong>\u2714\ufe0f Salario atractivo = valor real<\/strong><\/p>\n\n<p>Los salarios est\u00e1n aumentando y los conductores internacionales con experiencia pueden esperar tarifas competitivas que reflejen el duro trabajo al volante y la responsabilidad por la carga y la entrega a tiempo.<\/p>\n\n<p><strong>\u2714\ufe0f Trabajo de conductor internacional en TBK TRANSPORT<\/strong><\/p>\n\n<p>Ofrecemos <a href=\"https:\/\/tbktransport.pl\/es\/oportunidades-de-empleo\/\" data-type=\"link\" data-id=\"https:\/\/tbktransport.pl\/oferty-pracy-kierowca-miedzynarodowy\/\">empleo estable<\/a> en rutas internacionales, con normas de cooperaci\u00f3n claras, contratos transparentes y prestaciones adicionales. Nuestras ofertas de trabajo son algo m\u00e1s que un empleo est\u00e1ndar: son una aut\u00e9ntica oportunidad profesional en un momento en que el sector necesita urgentemente nuevos conductores.<\/p>\n\n<h3 class=\"wp-block-heading\">\u00bfPor qu\u00e9 unirse a TBK TRANSPORT?<\/h3>\n\n<ul class=\"wp-block-list\">\n<li>Trabajo estable en una empresa de transportes bien establecida.<\/li>\n\n\n\n<li>Atractiva remuneraci\u00f3n y sistema de bonificaciones.<\/li>\n\n\n\n<li>Oportunidad de adquirir experiencia como conductor internacional.<\/li>\n\n\n\n<li>Trabaja en un equipo de profesionales para los que la seguridad y la satisfacci\u00f3n de los empleados son una prioridad.<\/li>\n<\/ul>\n\n<p>Hoy en d\u00eda, el mercado del transporte en Polonia es dif\u00edcil, pero el gran d\u00e9ficit de personal tambi\u00e9n supone grandes oportunidades para quienes buscan trabajo como conductor internacional. Si buscas un trabajo estable y bien remunerado en el sector del transporte, TBK TRANSPORT podr\u00eda ser tu pr\u00f3ximo paso profesional. <\/p>\n\n<p><a href=\"https:\/\/tbktransport.pl\/es\/ponte-en-contacto-con\/\" data-type=\"link\" data-id=\"https:\/\/tbktransport.pl\/kontakt-tbk-transport-firma-transportowa\/\">Ponte en contacto con nosotros<\/a> hoy mismo para saber m\u00e1s sobre las oportunidades de trabajo.<\/p>\n\n<p><\/p>\n","protected":false},"excerpt":{"rendered":"<p>El mercado laboral del transporte: empleos de conductor internacional, \u00bfoportunidad o reto? El sector del transporte en Polonia se enfrenta a un enorme reto de personal en 2026. Seg\u00fan los \u00faltimos an\u00e1lisis, aunque los ingresos medios de los conductores profesionales alcanzan los 9.000 zlotys netos al mes, y muchos conductores pueden contar con tarifas a\u00fan [&hellip;]<\/p>\n","protected":false},"author":1,"featured_media":0,"parent":0,"menu_order":0,"comment_status":"closed","ping_status":"closed","template":"","meta":{"_uag_custom_page_level_css":"","site-sidebar-layout":"default","site-content-layout":"","ast-site-content-layout":"default","site-content-style":"default","site-sidebar-style":"default","ast-global-header-display":"","ast-banner-title-visibility":"","ast-main-header-display":"","ast-hfb-above-header-display":"","ast-hfb-below-header-display":"","ast-hfb-mobile-header-display":"","site-post-title":"","ast-breadcrumbs-content":"","ast-featured-img":"","footer-sml-layout":"","ast-disable-related-posts":"","theme-transparent-header-meta":"","adv-header-id-meta":"","stick-header-meta":"","header-above-stick-meta":"","header-main-stick-meta":"","header-below-stick-meta":"","astra-migrate-meta-layouts":"default","ast-page-background-enabled":"default","ast-page-background-meta":{"desktop":{"background-color":"","background-image":"","background-repeat":"repeat","background-position":"center center","background-size":"auto","background-attachment":"scroll","background-type":"","background-media":"","overlay-type":"","overlay-color":"","overlay-opacity":"","overlay-gradient":""},"tablet":{"background-color":"","background-image":"","background-repeat":"repeat","background-position":"center center","background-size":"auto","background-attachment":"scroll","background-type":"","background-media":"","overlay-type":"","overlay-color":"","overlay-opacity":"","overlay-gradient":""},"mobile":{"background-color":"","background-image":"","background-repeat":"repeat","background-position":"center center","background-size":"auto","background-attachment":"scroll","background-type":"","background-media":"","overlay-type":"","overlay-color":"","overlay-opacity":"","overlay-gradient":""}},"ast-content-background-meta":{"desktop":{"background-color":"var(--ast-global-color-5)","background-image":"","background-repeat":"repeat","background-position":"center center","background-size":"auto","background-attachment":"scroll","background-type":"","background-media":"","overlay-type":"","overlay-color":"","overlay-opacity":"","overlay-gradient":""},"tablet":{"background-color":"var(--ast-global-color-5)","background-image":"","background-repeat":"repeat","background-position":"center center","background-size":"auto","background-attachment":"scroll","background-type":"","background-media":"","overlay-type":"","overlay-color":"","overlay-opacity":"","overlay-gradient":""},"mobile":{"background-color":"var(--ast-global-color-5)","background-image":"","background-repeat":"repeat","background-position":"center center","background-size":"auto","background-attachment":"scroll","background-type":"","background-media":"","overlay-type":"","overlay-color":"","overlay-opacity":"","overlay-gradient":""}},"footnotes":""},"class_list":["post-2005","page","type-page","status-publish","hentry"],"spectra_custom_meta":{"rank_math_internal_links_processed":["1"],"rank_math_robots":["a:1:{i:0;s:5:\"index\";}"],"_last_translation_edit_mode":["translation-editor"],"_wpml_word_count":["378"],"ast-main-header-display":[""],"ast-hfb-above-header-display":[""],"ast-hfb-below-header-display":[""],"ast-hfb-mobile-header-display":[""],"adv-header-id-meta":[""],"footer-sml-layout":[""],"stick-header-meta":[""],"header-main-stick-meta":[""],"header-above-stick-meta":[""],"header-below-stick-meta":[""],"site-post-title":[""],"site-sidebar-layout":["default"],"site-content-layout":[""],"ast-featured-img":[""],"ast-breadcrumbs-content":[""],"theme-transparent-header-meta":[""],"ast-banner-title-visibility":[""],"ast-global-header-display":[""],"ast-site-content-layout":["default"],"site-content-style":["default"],"site-sidebar-style":["default"],"_wp_page_template":[""],"_wpml_media_duplicate":["1"],"_wpml_media_featured":["1"],"rank_math_title":["El mercado laboral del transporte: empleos de conductor internacional, \u00bfoportunidad o reto?"],"rank_math_description":["El mercado del transporte en Polonia es dif\u00edcil: un gran d\u00e9ficit de personal significa grandes oportunidades para quienes buscan trabajo como conductor internacional.  "],"rank_math_focus_keyword":["trabajo de conductor internacional,empresa de transportes"],"_uag_page_assets":["a:9:{s:3:\"css\";s:9469:\".uagb-block-2b445425 .uagb-ifb-icon{width: 30px;line-height: 30px;}.uagb-block-2b445425 .uagb-ifb-icon > span{font-size: 30px;width: 30px;line-height: 30px;color: #333;}.uagb-block-2b445425 .uagb-ifb-icon svg{fill: #333;}.uagb-block-2b445425.uagb-infobox__content-wrap .uagb-ifb-icon-wrap svg{width: 30px;height: 30px;line-height: 30px;font-size: 30px;color: #333;fill: #333;}.uagb-block-2b445425 .uagb-ifb-content .uagb-ifb-icon-wrap svg{line-height: 30px;font-size: 30px;color: #333;fill: #333;}.uagb-block-2b445425 .uagb-iconbox-icon-wrap{margin: auto;display: inline-flex;align-items: center;justify-content: center;box-sizing: content-box;width: 30px;height: 30px;line-height: 30px;padding-left: 0px;padding-right: 0px;padding-top: 0px;padding-bottom: 0px;}.uagb-block-2b445425.uagb-infobox__content-wrap .uagb-ifb-icon-wrap > svg{padding-left: 0px;padding-right: 0px;padding-top: 0px;padding-bottom: 0px;}.uagb-block-2b445425.uagb-infobox__content-wrap .uagb-ifb-content .uagb-ifb-icon-wrap > svg{padding-left: 0px;padding-right: 0px;padding-top: 0px;padding-bottom: 0px;}.uagb-block-2b445425 .uagb-ifb-content .uagb-ifb-left-title-image svg{width: 30px;line-height: 30px;font-size: 30px;color: #333;fill: #333;}.uagb-block-2b445425 .uagb-ifb-content .uagb-ifb-right-title-image svg{width: 30px;line-height: 30px;font-size: 30px;color: #333;fill: #333;}.uagb-block-2b445425 .uagb-infobox__content-wrap .uagb-ifb-imgicon-wrap{padding-left: 0px;padding-right: 0px;padding-top: 0px;padding-bottom: 0px;}.uagb-block-2b445425 .uagb-infobox .uagb-ifb-image-content img{border-radius: 0px;}.uagb-block-2b445425.uagb-infobox__content-wrap img{padding-left: 0px;padding-right: 0px;padding-top: 0px;padding-bottom: 0px;border-radius: 0px;}.uagb-block-2b445425.uagb-infobox__content-wrap .uagb-ifb-content .uagb-ifb-right-title-image > img{padding-left: 0px;padding-right: 0px;padding-top: 0px;padding-bottom: 0px;border-radius: 0px;}.uagb-block-2b445425.uagb-infobox__content-wrap .uagb-ifb-content .uagb-ifb-left-title-image > img{padding-left: 0px;padding-right: 0px;padding-top: 0px;padding-bottom: 0px;border-radius: 0px;}.uagb-block-2b445425.uagb-infobox__content-wrap .uagb-ifb-content > img{padding-left: 0px;padding-right: 0px;padding-top: 0px;padding-bottom: 0px;border-radius: 0px;}.uagb-block-2b445425 .uagb-ifb-title-wrap .uagb-ifb-title-prefix{margin-bottom: 10px;margin-top: 5px;}.uagb-block-2b445425.wp-block-uagb-info-box .uagb-ifb-title{color: var(--ast-global-color-3);margin-bottom: 10px;}.uagb-block-2b445425.wp-block-uagb-info-box .uagb-ifb-desc{color: var(--ast-global-color-3);margin-bottom: 0px;margin-top: 20px;margin-left: 0px;margin-right: 0px;}.uagb-block-2b445425 .uagb-ifb-separator{width: 30%;border-top-width: 2px;border-top-color: #333;border-top-style: solid;margin-bottom: 0px;}.uagb-block-2b445425 .uagb-infobox__content-wrap .uagb-ifb-separator{width: 30%;border-top-width: 2px;border-top-color: #333;border-top-style: solid;}.uagb-block-2b445425 .uagb-ifb-align-icon-after{margin-left: 5px;}.uagb-block-2b445425 .uagb-ifb-align-icon-before{margin-right: 5px;}.uagb-block-2b445425.uagb-infobox__content-wrap .uagb-ifb-content svg{box-sizing: content-box;}.uagb-block-2b445425.uagb-infobox__content-wrap .uagb-ifb-content img{box-sizing: content-box;}.uagb-block-2b445425 .uagb-infobox__content-wrap{text-align: left;}.uagb-block-2b445425.uagb-infobox-icon-above-title{text-align: left;}.uagb-block-2b445425 .uagb-ifb-content .uagb-ifb-image-content > img{width: 260px;}.uagb-block-2b445425.uagb-infobox__content-wrap .uagb-ifb-image-content > img{width: 260px;}.uagb-block-2b445425 .uagb-ifb-content .uagb-ifb-left-title-image > img{width: 260px;}.uagb-block-2b445425 .uagb-ifb-content .uagb-ifb-right-title-image > img{width: 260px;}.uagb-block-2b445425.uagb-infobox__content-wrap .uagb-infobox-cta-link > svg {margin-left: 5px;}[dir=rtl] .uagb-block-2b445425 .uagb-iconbox-icon-wrap{padding-right: 0px;padding-left: 0px;}[dir=rtl] .uagb-block-2b445425.uagb-infobox__content-wrap .uagb-ifb-icon-wrap > svg{padding-right: 0px;padding-left: 0px;}[dir=rtl] .uagb-block-2b445425.uagb-infobox__content-wrap .uagb-ifb-content .uagb-ifb-icon-wrap > svg{padding-right: 0px;padding-left: 0px;}[dir=rtl] .uagb-block-2b445425.uagb-infobox__content-wrap img{padding-right: 0px;padding-left: 0px;}[dir=rtl] .uagb-block-2b445425.uagb-infobox__content-wrap .uagb-ifb-content .uagb-ifb-right-title-image > img{padding-right: 0px;padding-left: 0px;}[dir=rtl] .uagb-block-2b445425.uagb-infobox__content-wrap .uagb-ifb-content .uagb-ifb-left-title-image > img{padding-right: 0px;padding-left: 0px;}[dir=rtl] .uagb-block-2b445425.uagb-infobox__content-wrap .uagb-ifb-content > img{padding-right: 0px;padding-left: 0px;}[dir=rtl] .uagb-block-2b445425.uagb-infobox__content-wrap{text-align: right;}[dir=rtl] .uagb-block-2b445425.uagb-infobox-icon-above-title{text-align: right;}[dir=rtl] .uagb-block-2b445425.uagb-infobox__content-wrap .uagb-infobox-cta-link > svg{margin-right: 5px;margin-left: 0px;}@media only screen and (max-width: 976px) {.uagb-block-2b445425.uagb-infobox__content-wrap .uagb-ifb-icon-wrap > svg{width: 30px;height: 30px;line-height: 30px;font-size: 30px;}.uagb-block-2b445425.uagb-infobox__content-wrap .uagb-ifb-content .uagb-ifb-icon-wrap > svg{line-height: 30px;font-size: 30px;}.uagb-block-2b445425.uagb-infobox__content-wrap .uagb-ifb-content img{box-sizing: content-box;}.uagb-block-2b445425 .uagb-ifb-icon{width: 30px;line-height: 30px;}.uagb-block-2b445425 .uagb-ifb-icon > span{font-size: 30px;width: 30px;line-height: 30px;}.uagb-block-2b445425 .uagb-iconbox-icon-wrap{width: 30px;height: 30px;line-height: 30px;}.uagb-block-2b445425 .uagb-ifb-content .uagb-ifb-left-title-image > svg{width: 30px;line-height: 30px;font-size: 30px;}.uagb-block-2b445425 .uagb-ifb-content .uagb-ifb-right-title-image > svg{width: 30px;line-height: 30px;font-size: 30px;}.uagb-block-2b445425 .uagb-ifb-content .uagb-ifb-image-content img{width: 260px;}.uagb-block-2b445425.uagb-infobox__content-wrap .uagb-ifb-image-content img{width: 260px;}.uagb-block-2b445425 .uagb-ifb-content .uagb-ifb-left-title-image img{width: 260px;}.uagb-block-2b445425 .uagb-ifb-content .uagb-ifb-right-title-image img{width: 260px;}.uagb-block-2b445425.uagb-infobox__content-wrap .uagb-infobox-cta-link > svg {margin-left: 5px;}[dir=rtl] .uagb-block-2b445425.uagb-infobox__content-wrap .uagb-infobox-cta-link > svg{margin-right: 5px;margin-left: 0px;}}@media only screen and (max-width: 767px) {.uagb-block-2b445425.uagb-infobox__content-wrap .uagb-ifb-icon-wrap > svg{width: 30px;height: 30px;line-height: 30px;font-size: 30px;}.uagb-block-2b445425.uagb-infobox__content-wrap .uagb-ifb-content .uagb-ifb-icon-wrap > svg{line-height: 30px;font-size: 30px;}.uagb-block-2b445425 .uagb-ifb-content .uagb-ifb-left-title-image > svg{width: 30px;line-height: 30px;font-size: 30px;}.uagb-block-2b445425 .uagb-ifb-content .uagb-ifb-right-title-image > svg{width: 30px;line-height: 30px;font-size: 30px;}.uagb-block-2b445425.uagb-infobox__content-wrap .uagb-ifb-content img{box-sizing: content-box;}.uagb-block-2b445425 .uagb-ifb-icon{width: 30px;line-height: 30px;}.uagb-block-2b445425 .uagb-ifb-icon > span{font-size: 30px;width: 30px;line-height: 30px;}.uagb-block-2b445425 .uagb-iconbox-icon-wrap{width: 30px;height: 30px;line-height: 30px;}.uagb-block-2b445425.uagb-infobox-icon-above-title{text-align: center;}.uagb-block-2b445425 .uagb-ifb-content .uagb-ifb-image-content img{width: 260px;}.uagb-block-2b445425.uagb-infobox__content-wrap .uagb-ifb-image-content img{width: 260px;}.uagb-block-2b445425 .uagb-ifb-content .uagb-ifb-left-title-image img{width: 260px;}.uagb-block-2b445425 .uagb-ifb-content .uagb-ifb-right-title-image img{width: 260px;}.uagb-block-2b445425.uagb-infobox__content-wrap .uagb-infobox-cta-link > svg {margin-left: 5px;}[dir=rtl] .uagb-block-2b445425.uagb-infobox-icon-above-title{text-align: center;}[dir=rtl] .uagb-block-2b445425.uagb-infobox__content-wrap .uagb-infobox-cta-link > svg{margin-right: 5px;margin-left: 0px;}} .uagb-block-4e1d694b .uagb-google-map__iframe{height: 400px;}@media only screen and (max-width: 976px) { .uagb-block-4e1d694b .uagb-google-map__iframe{height: 300px;}}@media only screen and (max-width: 767px) { .uagb-block-4e1d694b .uagb-google-map__iframe{height: 300px;}} .uagb-block-5ebaf858.uagb-icon-wrapper{text-align: left;} .uagb-block-5ebaf858.uagb-icon-wrapper .uagb-svg-wrapper a{display: contents;} .uagb-block-5ebaf858.uagb-icon-wrapper svg{width: 20px;height: 20px;transform: rotate(0deg);box-sizing: content-box;fill: #333;filter: drop-shadow( 0px 0px 0px #00000070 );} .uagb-block-5ebaf858.uagb-icon-wrapper .uagb-svg-wrapper{display: inline-flex;padding-top: 0px;padding-right: 0px;padding-bottom: 0px;padding-left: 0px;border-style: default;box-shadow: 0px 0px 0 #00000070 ;} .uagb-block-5ebaf858.uagb-icon-wrapper .uagb-svg-wrapper:hover{box-shadow: 0px 0px 0 #00000070 ;} .uagb-block-5ebaf858.uagb-icon-wrapper .uagb-svg-wrapper:focus-visible{box-shadow: 0px 0px 0 #00000070 ;} .uagb-block-5ebaf858.uagb-icon-wrapper.wp-block-uagb-icon--has-margin .uagb-icon-margin-wrapper{margin-top: -10px;margin-right: 0px;margin-bottom: 0px;margin-left: 0px;}@media only screen and (max-width: 976px) { .uagb-block-5ebaf858.uagb-icon-wrapper .uagb-svg-wrapper{display: inline-flex;}}@media only screen and (max-width: 767px) { .uagb-block-5ebaf858.uagb-icon-wrapper .uagb-svg-wrapper{display: inline-flex;}}\";s:2:\"js\";s:575:\"document.addEventListener(\"DOMContentLoaded\", function(){ \t\t\t\twindow.addEventListener( 'DOMContentLoaded', () => {\n\t\t\t\t\tconst blockScope = document.querySelector( '.uagb-block-5ebaf858' );\n\t\t\t\t\tif ( ! blockScope ) {\n\t\t\t\t\t\treturn;\n\t\t\t\t\t}\n\n\t\t\t\t\tconst anchorElement = blockScope.querySelector('a');\n\t\t\t\t\tif (!anchorElement) {\n\t\t\t\t\t\treturn;\n\t\t\t\t\t} \n\n\t\t\t\t\t \n\t\t\t\t\tblockScope.addEventListener('keydown', (event) => {\n\t\t\t\t\t\tif ( 13 === event.keyCode || 32 === event.keyCode ) {\n\t\t\t\t\t\t\tevent.preventDefault();\n\t\t\t\t\t\t\t \n\t\t\t\t\t\t\tanchorElement.click();\t\n\t\t\t\t\t\t}\n\t\t\t\t\t} );\n\t\t\t\t} );\n\t\t\t });\";s:18:\"current_block_list\";a:13:{i:0;s:12:\"core\/heading\";i:1;s:14:\"core\/paragraph\";i:2;s:9:\"core\/list\";i:3;s:14:\"core\/list-item\";i:4;s:11:\"core\/search\";i:5;s:10:\"core\/group\";i:6;s:17:\"core\/latest-posts\";i:8;s:13:\"core\/archives\";i:10;s:15:\"core\/categories\";i:11;s:13:\"uagb\/info-box\";i:12;s:15:\"uagb\/google-map\";i:13;s:14:\"core\/shortcode\";i:14;s:9:\"uagb\/icon\";}s:8:\"uag_flag\";b:1;s:11:\"uag_version\";s:10:\"1775389604\";s:6:\"gfonts\";a:0:{}s:10:\"gfonts_url\";s:0:\"\";s:12:\"gfonts_files\";a:0:{}s:14:\"uag_faq_layout\";b:0;}"]},"uagb_featured_image_src":{"full":false,"thumbnail":false,"medium":false,"medium_large":false,"large":false,"1536x1536":false,"2048x2048":false},"uagb_author_info":{"display_name":"admin","author_link":"https:\/\/tbktransport.pl\/es\/author\/admin\/"},"uagb_comment_info":0,"uagb_excerpt":"El mercado laboral del transporte: empleos de conductor internacional, \u00bfoportunidad o reto? El sector del transporte en Polonia se enfrenta a un enorme reto de personal en 2026. Seg\u00fan los \u00faltimos an\u00e1lisis, aunque los ingresos medios de los conductores profesionales alcanzan los 9.000 zlotys netos al mes, y muchos conductores pueden contar con tarifas a\u00fan&hellip;","_links":{"self":[{"href":"https:\/\/tbktransport.pl\/es\/wp-json\/wp\/v2\/pages\/2005","targetHints":{"allow":["GET"]}}],"collection":[{"href":"https:\/\/tbktransport.pl\/es\/wp-json\/wp\/v2\/pages"}],"about":[{"href":"https:\/\/tbktransport.pl\/es\/wp-json\/wp\/v2\/types\/page"}],"author":[{"embeddable":true,"href":"https:\/\/tbktransport.pl\/es\/wp-json\/wp\/v2\/users\/1"}],"replies":[{"embeddable":true,"href":"https:\/\/tbktransport.pl\/es\/wp-json\/wp\/v2\/comments?post=2005"}],"version-history":[{"count":2,"href":"https:\/\/tbktransport.pl\/es\/wp-json\/wp\/v2\/pages\/2005\/revisions"}],"predecessor-version":[{"id":2450,"href":"https:\/\/tbktransport.pl\/es\/wp-json\/wp\/v2\/pages\/2005\/revisions\/2450"}],"wp:attachment":[{"href":"https:\/\/tbktransport.pl\/es\/wp-json\/wp\/v2\/media?parent=2005"}],"curies":[{"name":"wp","href":"https:\/\/api.w.org\/{rel}","templated":true}]}}